{"id":6,"date":"2016-11-24T17:02:31","date_gmt":"2016-11-24T19:02:31","guid":{"rendered":"http:\/\/www.espetro.com.br\/site\/?page_id=6"},"modified":"2016-12-07T17:57:07","modified_gmt":"2016-12-07T19:57:07","slug":"direcao","status":"publish","type":"page","link":"http:\/\/www.espetro.com.br\/site\/direcao\/","title":{"rendered":"Dire\u00e7\u00e3o"},"content":{"rendered":"<p><img fetchpriority=\"high\" decoding=\"async\" class=\"size-medium wp-image-7 alignright\" src=\"http:\/\/www.espetro.com.br\/site\/wp-content\/uploads\/2016\/11\/foto-edson-silva-270x300.jpg\" alt=\"foto-edson-silva\" width=\"270\" height=\"300\" srcset=\"http:\/\/www.espetro.com.br\/site\/wp-content\/uploads\/2016\/11\/foto-edson-silva-270x300.jpg 270w, http:\/\/www.espetro.com.br\/site\/wp-content\/uploads\/2016\/11\/foto-edson-silva.jpg 300w\" sizes=\"(max-width: 270px) 100vw, 270px\" \/>A dire\u00e7\u00e3o da ES PETRO est\u00e1 a cargo de EDSON SILVA, economista com P\u00f3s-Gradua\u00e7\u00e3o Executiva em Petr\u00f3leo e G\u00e1s, pela COPPE, da UFRJ, e cursos em Gest\u00e3o da Log\u00edstica de Suprimento de Petr\u00f3leo e Derivados e em Programa de Alta Performance em Lideran\u00e7a.<\/p>\n<p>Em sua trajet\u00f3ria profissional, chefiou o Gabinete da Diretoria Geral da Ag\u00eancia Nacional de Petr\u00f3leo, G\u00e1s Natural e Biocombust\u00edveis (ANP), foi Superintendente de Abastecimento da ANP, Assessor T\u00e9cnico da Diretoria Geral da mesma Ag\u00eancia e mais recentemente Coordenador do Escrit\u00f3rio Regional Sul da ANP (RS\/SC), sediado em Porto Alegre.<\/p>\n<p>Na \u00e1rea pol\u00edtica, Edson Silva exerceu o cargo de Assessor Especial do Governador do Estado do Rio Grande do Sul para Assuntos de Regula\u00e7\u00e3o, foi Secret\u00e1rio de Estado de Obras e Saneamento, Secret\u00e1rio de Capta\u00e7\u00e3o de Recursos e Coopera\u00e7\u00e3o Internacional do Munic\u00edpio de Porto Alegre e Secret\u00e1rio da Produ\u00e7\u00e3o, Ind\u00fastria e Com\u00e9rcio da capital ga\u00facha.<\/p>\n","protected":false},"excerpt":{"rendered":"<p>A dire\u00e7\u00e3o da ES PETRO est\u00e1 a cargo de EDSON SILVA, economista com P\u00f3s-Gradua\u00e7\u00e3o Executiva em Petr\u00f3leo e G\u00e1s, pela COPPE, da UFRJ, e cursos em Gest\u00e3o da Log\u00edstica de Suprimento de Petr\u00f3leo e Derivados e em Programa de Alta<\/p>\n","protected":false},"author":1,"featured_media":0,"parent":0,"menu_order":0,"comment_status":"closed","ping_status":"closed","template":"","meta":{"footnotes":""},"class_list":["post-6","page","type-page","status-publish","hentry"],"_links":{"self":[{"href":"http:\/\/www.espetro.com.br\/site\/wp-json\/wp\/v2\/pages\/6","targetHints":{"allow":["GET"]}}],"collection":[{"href":"http:\/\/www.espetro.com.br\/site\/wp-json\/wp\/v2\/pages"}],"about":[{"href":"http:\/\/www.espetro.com.br\/site\/wp-json\/wp\/v2\/types\/page"}],"author":[{"embeddable":true,"href":"http:\/\/www.espetro.com.br\/site\/wp-json\/wp\/v2\/users\/1"}],"replies":[{"embeddable":true,"href":"http:\/\/www.espetro.com.br\/site\/wp-json\/wp\/v2\/comments?post=6"}],"version-history":[{"count":5,"href":"http:\/\/www.espetro.com.br\/site\/wp-json\/wp\/v2\/pages\/6\/revisions"}],"predecessor-version":[{"id":262,"href":"http:\/\/www.espetro.com.br\/site\/wp-json\/wp\/v2\/pages\/6\/revisions\/262"}],"wp:attachment":[{"href":"http:\/\/www.espetro.com.br\/site\/wp-json\/wp\/v2\/media?parent=6"}],"curies":[{"name":"wp","href":"https:\/\/api.w.org\/{rel}","templated":true}]}}