{"id":9,"date":"2016-11-24T17:02:54","date_gmt":"2016-11-24T19:02:54","guid":{"rendered":"http:\/\/www.espetro.com.br\/site\/?page_id=9"},"modified":"2025-05-02T14:54:34","modified_gmt":"2025-05-02T17:54:34","slug":"empresa","status":"publish","type":"page","link":"http:\/\/www.espetro.com.br\/site\/empresa\/","title":{"rendered":"Quem Somos"},"content":{"rendered":"<p><span style=\"font-weight: 400;\">A <\/span><b>ES PETRO \u2013 Edson Silva Solu\u00e7\u00f5es em Petr\u00f3leo e Combust\u00edveis<\/b><span style=\"font-weight: 400;\"> \u00e9 uma consultoria especializada que acompanha de perto a evolu\u00e7\u00e3o do mercado de petr\u00f3leo, derivados e biocombust\u00edveis no Brasil.<\/span><\/p>\n<p><span style=\"font-weight: 400;\">Com uma equipe experiente e altamente qualificada, atuamos ao lado de refinarias, usinas de etanol e biodiesel, distribuidoras e postos de combust\u00edveis em todo o pa\u00eds. Nosso foco? Potencializar resultados e transformar desafios em oportunidades no setor mais regulado e competitivo da economia brasileira.<\/span><\/p>\n<p><span style=\"font-weight: 400;\">Nesse mercado de margens apertadas, onde cada detalhe impacta no lucro, <\/span><b>profissionalizar a gest\u00e3o \u00e9 o que separa os que sobrevivem dos que crescem<\/b><span style=\"font-weight: 400;\">. E \u00e9 exatamente a\u00ed que entramos.<\/span><\/p>\n<p><span style=\"font-weight: 400;\">\ud83d\udcc8 <\/span><b>Mais efici\u00eancia. Mais produtividade. Mais resultados.<\/b><b><br \/>\n<\/b><span style=\"font-weight: 400;\"> Com conhecimento t\u00e9cnico, vis\u00e3o estrat\u00e9gica e experi\u00eancia pr\u00e1tica, a ES PETRO ajuda voc\u00ea a tomar decis\u00f5es seguras, reduzir riscos e ampliar sua rentabilidade.<\/span><\/p>\n<p><span style=\"font-weight: 400;\">Se voc\u00ea \u00e9 dono de um posto, de uma distribuidora ou atua em qualquer elo dessa cadeia, saiba: <\/span><b>a sua gest\u00e3o pode ir muito al\u00e9m do que voc\u00ea imagina.<\/b><\/p>\n<p><b>Vamos conversar sobre o futuro do seu neg\u00f3cio?<\/b><b><br \/>\n<\/b><span style=\"font-weight: 400;\"> Entre em contato e descubra como podemos gerar valor para sua opera\u00e7\u00e3o.<\/span><\/p>\n<h2><b>Quem est\u00e1 \u00e0 frente<\/b><\/h2>\n<p><span style=\"font-weight: 400;\">Edson Silva, economista com P\u00f3s-Gradua\u00e7\u00e3o Executiva em Petr\u00f3leo e G\u00e1s pela COPPE\/UFRJ, lidera a ES PETRO com autoridade t\u00e9cnica e experi\u00eancia pr\u00e1tica. Atuou por mais de uma d\u00e9cada em cargos estrat\u00e9gicos na <\/span><b>Ag\u00eancia Nacional do Petr\u00f3leo (ANP)<\/b><span style=\"font-weight: 400;\"> e tamb\u00e9m em diferentes secretarias de governo no Rio Grande do Sul e em Porto Alegre.<\/span><\/p>\n<p><b>Conhecimento de mercado com quem j\u00e1 esteve nos bastidores das decis\u00f5es que movem o setor.<\/b><\/p>\n<p><b>ES PETRO \u2014 Energia para o seu neg\u00f3cio.<\/b><\/p>\n<p><b>Fale com a gente e veja como transformar conhecimento em crescimento.<\/b><\/p>\n","protected":false},"excerpt":{"rendered":"<p>A ES PETRO \u2013 Edson Silva Solu\u00e7\u00f5es em Petr\u00f3leo e Combust\u00edveis \u00e9 uma consultoria especializada que acompanha de perto a evolu\u00e7\u00e3o do mercado de petr\u00f3leo, derivados e biocombust\u00edveis no Brasil. Com uma equipe experiente e altamente qualificada, atuamos ao lado<\/p>\n","protected":false},"author":1,"featured_media":0,"parent":0,"menu_order":0,"comment_status":"closed","ping_status":"closed","template":"","meta":{"footnotes":""},"class_list":["post-9","page","type-page","status-publish","hentry"],"_links":{"self":[{"href":"http:\/\/www.espetro.com.br\/site\/wp-json\/wp\/v2\/pages\/9","targetHints":{"allow":["GET"]}}],"collection":[{"href":"http:\/\/www.espetro.com.br\/site\/wp-json\/wp\/v2\/pages"}],"about":[{"href":"http:\/\/www.espetro.com.br\/site\/wp-json\/wp\/v2\/types\/page"}],"author":[{"embeddable":true,"href":"http:\/\/www.espetro.com.br\/site\/wp-json\/wp\/v2\/users\/1"}],"replies":[{"embeddable":true,"href":"http:\/\/www.espetro.com.br\/site\/wp-json\/wp\/v2\/comments?post=9"}],"version-history":[{"count":11,"href":"http:\/\/www.espetro.com.br\/site\/wp-json\/wp\/v2\/pages\/9\/revisions"}],"predecessor-version":[{"id":9908,"href":"http:\/\/www.espetro.com.br\/site\/wp-json\/wp\/v2\/pages\/9\/revisions\/9908"}],"wp:attachment":[{"href":"http:\/\/www.espetro.com.br\/site\/wp-json\/wp\/v2\/media?parent=9"}],"curies":[{"name":"wp","href":"https:\/\/api.w.org\/{rel}","templated":true}]}}