{"id":16,"date":"2016-11-24T17:05:08","date_gmt":"2016-11-24T19:05:08","guid":{"rendered":"http:\/\/www.espetro.com.br\/site\/?page_id=16"},"modified":"2016-11-28T17:34:21","modified_gmt":"2016-11-28T19:34:21","slug":"estudo-de-mercados-palestras","status":"publish","type":"page","link":"https:\/\/www.espetro.com.br\/site\/estudo-de-mercados-palestras\/","title":{"rendered":"Estudo de Mercados e Palestras"},"content":{"rendered":"<p><img decoding=\"async\" class=\"size-full wp-image-103 alignright\" src=\"http:\/\/www.espetro.com.br\/site\/wp-content\/uploads\/2016\/11\/graphic-1-amarelo.png\" alt=\"Estudo de Mercado - Palestras\" width=\"128\" height=\"128\" \/><\/p>\n<p>A equipe da ES Petro disponibiliza an\u00e1lises econ\u00f4micas e estudos do mercado de petr\u00f3leo, combust\u00edveis e biocombust\u00edveis, apontando cen\u00e1rios e tend\u00eancias que ajudem o empreendedor na defini\u00e7\u00e3o de investimentos.<\/p>\n<p>O s\u00edtio da ES Petro na internet ter\u00e1 estat\u00edsticas e estudos atualizados, e Informativos peri\u00f3dicos ser\u00e3o enviados gratuitamente aos clientes e assinantes que se registrarem em nossa p\u00e1gina.<br \/>\n<\/br><\/br>Preecha com seu e-mail para receber o Boletim Informativo:<br \/>\n<!-- Begin MailChimp Signup Form --><\/p>\n<div id=\"mc_embed_signup\">\n<form action=\"\/\/espetro.us14.list-manage.com\/subscribe\/post?u=81665a843931d0e27ef42038b&amp;id=f0b794608a\" method=\"post\" id=\"mc-embedded-subscribe-form\" name=\"mc-embedded-subscribe-form\" class=\"validate\" target=\"_blank\" novalidate>\n<div id=\"mc_embed_signup_scroll\">\n<div class=\"mc-field-group\">\n\t<label for=\"mce-EMAIL\">E-mail <\/label><br \/>\n\t<input type=\"email\" value=\"\" name=\"EMAIL\" class=\"required email\" id=\"mce-EMAIL\">\n<\/div>\n<div id=\"mce-responses\" class=\"clear\">\n<div class=\"response\" id=\"mce-error-response\" style=\"display:none\"><\/div>\n<div class=\"response\" id=\"mce-success-response\" style=\"display:none\"><\/div>\n<\/p><\/div>\n<p>    <!-- real people should not fill this in and expect good things - do not remove this or risk form bot signups--><\/p>\n<div style=\"position: absolute; left: -5000px;\" aria-hidden=\"true\"><input type=\"text\" name=\"b_81665a843931d0e27ef42038b_f0b794608a\" tabindex=\"-1\" value=\"\"><\/div>\n<div class=\"clear\"><input type=\"submit\" value=\"Assinar\" name=\"subscribe\" id=\"mc-embedded-subscribe\" class=\"button\"><\/div>\n<\/p><\/div>\n<\/form>\n<\/div>\n<p><!--End mc_embed_signup--><\/p>\n","protected":false},"excerpt":{"rendered":"<p>A equipe da ES Petro disponibiliza an\u00e1lises econ\u00f4micas e estudos do mercado de petr\u00f3leo, combust\u00edveis e biocombust\u00edveis, apontando cen\u00e1rios e tend\u00eancias que ajudem o empreendedor na defini\u00e7\u00e3o de investimentos. O s\u00edtio da ES Petro na internet ter\u00e1 estat\u00edsticas e estudos<\/p>\n","protected":false},"author":1,"featured_media":0,"parent":0,"menu_order":0,"comment_status":"closed","ping_status":"closed","template":"","meta":{"footnotes":""},"class_list":["post-16","page","type-page","status-publish","hentry"],"_links":{"self":[{"href":"https:\/\/www.espetro.com.br\/site\/wp-json\/wp\/v2\/pages\/16","targetHints":{"allow":["GET"]}}],"collection":[{"href":"https:\/\/www.espetro.com.br\/site\/wp-json\/wp\/v2\/pages"}],"about":[{"href":"https:\/\/www.espetro.com.br\/site\/wp-json\/wp\/v2\/types\/page"}],"author":[{"embeddable":true,"href":"https:\/\/www.espetro.com.br\/site\/wp-json\/wp\/v2\/users\/1"}],"replies":[{"embeddable":true,"href":"https:\/\/www.espetro.com.br\/site\/wp-json\/wp\/v2\/comments?post=16"}],"version-history":[{"count":25,"href":"https:\/\/www.espetro.com.br\/site\/wp-json\/wp\/v2\/pages\/16\/revisions"}],"predecessor-version":[{"id":239,"href":"https:\/\/www.espetro.com.br\/site\/wp-json\/wp\/v2\/pages\/16\/revisions\/239"}],"wp:attachment":[{"href":"https:\/\/www.espetro.com.br\/site\/wp-json\/wp\/v2\/media?parent=16"}],"curies":[{"name":"wp","href":"https:\/\/api.w.org\/{rel}","templated":true}]}}