{"id":18,"date":"2016-11-24T17:05:32","date_gmt":"2016-11-24T19:05:32","guid":{"rendered":"http:\/\/www.espetro.com.br\/site\/?page_id=18"},"modified":"2016-11-28T11:11:48","modified_gmt":"2016-11-28T13:11:48","slug":"intermediacao","status":"publish","type":"page","link":"https:\/\/www.espetro.com.br\/site\/intermediacao\/","title":{"rendered":"Intermedia\u00e7\u00e3o"},"content":{"rendered":"<p><img decoding=\"async\" class=\"size-full wp-image-105 alignright\" src=\"http:\/\/www.espetro.com.br\/site\/wp-content\/uploads\/2016\/11\/teamwork-amarelo.png\" alt=\"Intermedia\u00e7\u00e3o\" width=\"128\" height=\"128\" \/>Se voc\u00ea quer vender, procura investidor ou s\u00f3cio para sua empresa que opera no mercado de combust\u00edveis e biocombust\u00edveis, n\u00f3s temos condi\u00e7\u00f5es de assessor\u00e1-lo para realizar um bom neg\u00f3cio. A ES Petro ser\u00e1 sua parceira na busca da melhor oportunidade.<\/p>\n<p>Se voc\u00ea n\u00e3o quer se desfazer da empresa, mas n\u00e3o est\u00e1 disposto ou em condi\u00e7\u00f5es de comand\u00e1-la diretamente, a ES Petro assume a gest\u00e3o atrav\u00e9s de contrato de arrendamento.<\/p>\n","protected":false},"excerpt":{"rendered":"<p>Se voc\u00ea quer vender, procura investidor ou s\u00f3cio para sua empresa que opera no mercado de combust\u00edveis e biocombust\u00edveis, n\u00f3s temos condi\u00e7\u00f5es de assessor\u00e1-lo para realizar um bom neg\u00f3cio. A ES Petro ser\u00e1 sua parceira na busca da melhor oportunidade.<\/p>\n","protected":false},"author":1,"featured_media":0,"parent":0,"menu_order":0,"comment_status":"closed","ping_status":"closed","template":"","meta":{"footnotes":""},"class_list":["post-18","page","type-page","status-publish","hentry"],"_links":{"self":[{"href":"https:\/\/www.espetro.com.br\/site\/wp-json\/wp\/v2\/pages\/18","targetHints":{"allow":["GET"]}}],"collection":[{"href":"https:\/\/www.espetro.com.br\/site\/wp-json\/wp\/v2\/pages"}],"about":[{"href":"https:\/\/www.espetro.com.br\/site\/wp-json\/wp\/v2\/types\/page"}],"author":[{"embeddable":true,"href":"https:\/\/www.espetro.com.br\/site\/wp-json\/wp\/v2\/users\/1"}],"replies":[{"embeddable":true,"href":"https:\/\/www.espetro.com.br\/site\/wp-json\/wp\/v2\/comments?post=18"}],"version-history":[{"count":4,"href":"https:\/\/www.espetro.com.br\/site\/wp-json\/wp\/v2\/pages\/18\/revisions"}],"predecessor-version":[{"id":194,"href":"https:\/\/www.espetro.com.br\/site\/wp-json\/wp\/v2\/pages\/18\/revisions\/194"}],"wp:attachment":[{"href":"https:\/\/www.espetro.com.br\/site\/wp-json\/wp\/v2\/media?parent=18"}],"curies":[{"name":"wp","href":"https:\/\/api.w.org\/{rel}","templated":true}]}}