{"id":20,"date":"2016-11-24T17:05:51","date_gmt":"2016-11-24T19:05:51","guid":{"rendered":"http:\/\/www.espetro.com.br\/site\/?page_id=20"},"modified":"2016-11-28T10:20:21","modified_gmt":"2016-11-28T12:20:21","slug":"gestao","status":"publish","type":"page","link":"https:\/\/www.espetro.com.br\/site\/gestao\/","title":{"rendered":"Gest\u00e3o"},"content":{"rendered":"<p><img decoding=\"async\" class=\"size-full wp-image-101 alignright\" src=\"http:\/\/www.espetro.com.br\/site\/wp-content\/uploads\/2016\/11\/graphic-amarelo.png\" alt=\"Gest\u00e3o\" width=\"128\" height=\"128\" \/><\/p>\n<p>As famosas \u201cintui\u00e7\u00e3o\u201d e \u201ctino para os neg\u00f3cios\u201d s\u00e3o importantes, mas n\u00e3o fundamentais. A ES Petro potencializa seu esp\u00edrito empreendedor com ferramentas, an\u00e1lises e solu\u00e7\u00f5es na \u00e1rea da gest\u00e3o de pessoal, de estoques, de compras e de custos do neg\u00f3cio. Aliado a tudo isso est\u00e1 nosso conhecimento do mercado que ajuda o empres\u00e1rio a tomar as melhores decis\u00f5es de modo que a efici\u00eancia e a produtividade alavanquem o rendimento do neg\u00f3cio.<\/p>\n<p>Se o empreendimento \u00e9 do tipo que opera no mercado spot &#8211; em que os neg\u00f3cios s\u00e3o realizados \u00e0 vista, ou n\u00e3o, e entrega imediata \u2013 a ES Petro pode, atrav\u00e9s de sua rede de relacionamentos, ajudar na tomada de decis\u00e3o.<\/p>\n","protected":false},"excerpt":{"rendered":"<p>As famosas \u201cintui\u00e7\u00e3o\u201d e \u201ctino para os neg\u00f3cios\u201d s\u00e3o importantes, mas n\u00e3o fundamentais. A ES Petro potencializa seu esp\u00edrito empreendedor com ferramentas, an\u00e1lises e solu\u00e7\u00f5es na \u00e1rea da gest\u00e3o de pessoal, de estoques, de compras e de custos do neg\u00f3cio.<\/p>\n","protected":false},"author":1,"featured_media":0,"parent":0,"menu_order":0,"comment_status":"closed","ping_status":"closed","template":"","meta":{"footnotes":""},"class_list":["post-20","page","type-page","status-publish","hentry"],"_links":{"self":[{"href":"https:\/\/www.espetro.com.br\/site\/wp-json\/wp\/v2\/pages\/20","targetHints":{"allow":["GET"]}}],"collection":[{"href":"https:\/\/www.espetro.com.br\/site\/wp-json\/wp\/v2\/pages"}],"about":[{"href":"https:\/\/www.espetro.com.br\/site\/wp-json\/wp\/v2\/types\/page"}],"author":[{"embeddable":true,"href":"https:\/\/www.espetro.com.br\/site\/wp-json\/wp\/v2\/users\/1"}],"replies":[{"embeddable":true,"href":"https:\/\/www.espetro.com.br\/site\/wp-json\/wp\/v2\/comments?post=20"}],"version-history":[{"count":3,"href":"https:\/\/www.espetro.com.br\/site\/wp-json\/wp\/v2\/pages\/20\/revisions"}],"predecessor-version":[{"id":166,"href":"https:\/\/www.espetro.com.br\/site\/wp-json\/wp\/v2\/pages\/20\/revisions\/166"}],"wp:attachment":[{"href":"https:\/\/www.espetro.com.br\/site\/wp-json\/wp\/v2\/media?parent=20"}],"curies":[{"name":"wp","href":"https:\/\/api.w.org\/{rel}","templated":true}]}}