{"id":22,"date":"2016-11-24T17:06:46","date_gmt":"2016-11-24T19:06:46","guid":{"rendered":"http:\/\/www.espetro.com.br\/site\/?page_id=22"},"modified":"2025-05-02T15:05:02","modified_gmt":"2025-05-02T18:05:02","slug":"relacoes-institucionais","status":"publish","type":"page","link":"https:\/\/www.espetro.com.br\/site\/relacoes-institucionais\/","title":{"rendered":"Rela\u00e7\u00f5es Institucionais"},"content":{"rendered":"<p><img decoding=\"async\" class=\"size-full wp-image-99 alignright\" src=\"http:\/\/www.espetro.com.br\/site\/wp-content\/uploads\/2016\/11\/conversation-amarelo.png\" alt=\"Rela\u00e7\u00f5es Institucionais\" width=\"128\" height=\"128\" \/>A ES Petro oferece assist\u00eancia tanto para um problema pontual, como fixa, por um prazo determinado, na \u00e1rea de regula\u00e7\u00e3o do mercado de petr\u00f3leo e biocombust\u00edveis, com a garantia da experi\u00eancia de seu principal dirigente, Edson Silva:<\/p>\n<ul>\n<li>Procedimentos necess\u00e1rios para autoriza\u00e7\u00e3o de Distribuidora de Combust\u00edveis, de TRR &#8211; Transportador Revendedor Retalhista -, de Posto de Combust\u00edveis, de Ponto de Abastecimento, de Re-refinador, de Coletor de \u00d3leo Lubrificante Usado (OLUC), de Produtor de Biodiesel. E de tantos outros agentes econ\u00f4micos autorizados pela ANP.<\/li>\n<li>Atualiza\u00e7\u00f5es Cadastrais, como mudan\u00e7a de s\u00f3cios, junto aos \u00f3rg\u00e3os reguladores do Estado, tipo Junta Comercial e ANP.<\/li>\n<li>Apoio no preenchimento do SIMP \u2013 Sistema de Informa\u00e7\u00f5es e Movimenta\u00e7\u00f5es de Produto.<\/li>\n<li>Contesta\u00e7\u00e3o de Autua\u00e7\u00f5es dos \u00f3rg\u00e3os de fiscaliza\u00e7\u00e3o e controle do Estado.<\/li>\n<\/ul>\n<p>Diante da complexidade regulat\u00f3ria do setor, \u00e9 recomend\u00e1vel agir preventivamente para evitar aborrecimentos, perda de tempo e o mais importante: multas e contamina\u00e7\u00e3o da imagem da empresa.<\/p>\n<p>Num mercado competitivo, o patrim\u00f4nio financeiro e a imagem da empresa s\u00e3o bens muito valiosos. Pense nisso e fa\u00e7a a diferen\u00e7a!<\/p>\n","protected":false},"excerpt":{"rendered":"<p>A ES Petro oferece assist\u00eancia tanto para um problema pontual, como fixa, por um prazo determinado, na \u00e1rea de regula\u00e7\u00e3o do mercado de petr\u00f3leo e biocombust\u00edveis, com a garantia da experi\u00eancia de seu principal dirigente, Edson Silva: Procedimentos necess\u00e1rios para<\/p>\n","protected":false},"author":1,"featured_media":0,"parent":0,"menu_order":0,"comment_status":"closed","ping_status":"closed","template":"","meta":{"footnotes":""},"class_list":["post-22","page","type-page","status-publish","hentry"],"_links":{"self":[{"href":"https:\/\/www.espetro.com.br\/site\/wp-json\/wp\/v2\/pages\/22","targetHints":{"allow":["GET"]}}],"collection":[{"href":"https:\/\/www.espetro.com.br\/site\/wp-json\/wp\/v2\/pages"}],"about":[{"href":"https:\/\/www.espetro.com.br\/site\/wp-json\/wp\/v2\/types\/page"}],"author":[{"embeddable":true,"href":"https:\/\/www.espetro.com.br\/site\/wp-json\/wp\/v2\/users\/1"}],"replies":[{"embeddable":true,"href":"https:\/\/www.espetro.com.br\/site\/wp-json\/wp\/v2\/comments?post=22"}],"version-history":[{"count":6,"href":"https:\/\/www.espetro.com.br\/site\/wp-json\/wp\/v2\/pages\/22\/revisions"}],"predecessor-version":[{"id":9910,"href":"https:\/\/www.espetro.com.br\/site\/wp-json\/wp\/v2\/pages\/22\/revisions\/9910"}],"wp:attachment":[{"href":"https:\/\/www.espetro.com.br\/site\/wp-json\/wp\/v2\/media?parent=22"}],"curies":[{"name":"wp","href":"https:\/\/api.w.org\/{rel}","templated":true}]}}