{"id":63,"date":"2016-11-24T17:37:54","date_gmt":"2016-11-24T19:37:54","guid":{"rendered":"http:\/\/www.espetro.com.br\/site\/?page_id=63"},"modified":"2025-06-05T09:07:50","modified_gmt":"2025-06-05T12:07:50","slug":"home5","status":"publish","type":"page","link":"https:\/\/www.espetro.com.br\/site\/","title":{"rendered":"Home5"},"content":{"rendered":"<div id=\"main\">\nA ES Petro \u00e9 uma empresa de consultoria, especializada em assessorar os operadores de Postos de Combust\u00edveis, de Revenda de GLP, de Distribuidoras e TRR\u2019s\u00a0nos desafios permanentes do mercado de derivados de petr\u00f3leo\u00a0e de biocombust\u00edveis.\n<\/div>\n<div id=\"main\" style=\"padding-top:0px\">\nA cadeia do abastecimento de combust\u00edveis\u00a0\u00e9 o setor mais regulado e fiscalizado pelo Estado e um dos mais sens\u00edveis da opini\u00e3o p\u00fablica &#8211; da\u00ed seu interesse pela m\u00eddia. Nosso conhecimento de economia do Petr\u00f3leo e de regula\u00e7\u00e3o, notadamente da ANP e do INMETRO, \u00e9 um diferencial da ES Petro e uma parceira confi\u00e1vel na solu\u00e7\u00e3o de desafios dos agentes empresariais deste mercado.\n<\/div>\n<div id=\"main\" style=\"padding-top:0px\">\n<strong>Somos energia para o seu neg\u00f3cio.<\/strong>\n<\/div>\n<div id=\"main\">\n<a href=\"\/site\/estudo-de-mercados-palestras\/\"><img decoding=\"async\" class=\"alignright wp-image-93 size-full\" style=\"border-width: 0px; margin: 20px 10px; vertical-align: text-top; float: left;\" src=\"http:\/\/www.espetro.com.br\/site\/wp-content\/uploads\/2016\/11\/graphic-1-verde.png\" width=\"90\" height=\"90\" \/><\/a><br \/>\nEstudo de Mercado<br \/>\nAn\u00e1lises econ\u00f4micas e estudos do mercado de petr\u00f3leo, combust\u00edveis e biocombust\u00edveis, apontando cen\u00e1rios e tend\u00eancia\n<\/div>\n<div id=\"main\" style=\"padding-top:0px\">\n<a href=\"\/site\/intermediacao\/\"><img decoding=\"async\" class=\"alignright wp-image-93 size-full\" style=\"border-width: 0px; margin: 20px 10px; vertical-align: text-top; float: left;\" src=\"http:\/\/www.espetro.com.br\/site\/wp-content\/uploads\/2016\/11\/teamwork-verde.png\" width=\"90\" height=\"90\" \/><\/a><br \/>\nIntermedia\u00e7\u00e3o<br \/>\nSolu\u00e7\u00f5es para quem quer vender, procura investidor ou s\u00f3cio para sua empresa que opera no mercado de combust\u00edveis e biocombust\u00edveis\n<\/div>\n<div id=\"main\" style=\"padding-top:0px\">\n<a href=\"\/site\/gestao\/\"><img decoding=\"async\" class=\"alignright wp-image-93 size-full\" style=\"border-width: 0px; margin: 20px 10px; vertical-align: text-top; float: left;\" src=\"http:\/\/www.espetro.com.br\/site\/wp-content\/uploads\/2016\/11\/graphic-verde.png\" width=\"90\" height=\"90\" \/><\/a><br \/>\nGest\u00e3o<br \/>\nFerramentas, an\u00e1lises e solu\u00e7\u00f5es na \u00e1rea da gest\u00e3o de pessoal, de estoques, de compras e de custos do neg\u00f3cio para a tomar as melhores decis\u00f5es\n<\/div>\n<div id=\"main\" style=\"padding-top:0px\">\n<a href=\"\/site\/relacoes-institucionais\/\"><img loading=\"lazy\" decoding=\"async\" class=\"alignright wp-image-93 size-full\" style=\"border-width: 0px; margin: 20px 10px; vertical-align: text-top; float: left;\" src=\"http:\/\/www.espetro.com.br\/site\/wp-content\/uploads\/2016\/11\/conversation-verde.png\" width=\"90\" height=\"90\" \/><\/a><br \/>\nRela\u00e7\u00f5es Institucionais<br \/>\nAssist\u00eancia para problemas pontuais, fixos, ou por prazo determinado, na \u00e1rea de regula\u00e7\u00e3o do mercado de petr\u00f3leo e biocombust\u00edveis\n<\/div>\n","protected":false},"excerpt":{"rendered":"<p>A ES Petro \u00e9 uma empresa de consultoria, especializada em assessorar os operadores de Postos de Combust\u00edveis, de Revenda de GLP, de Distribuidoras e TRR\u2019s\u00a0nos desafios permanentes do mercado de derivados de petr\u00f3leo\u00a0e de biocombust\u00edveis. A cadeia do abastecimento de<\/p>\n","protected":false},"author":1,"featured_media":0,"parent":0,"menu_order":0,"comment_status":"closed","ping_status":"closed","template":"","meta":{"footnotes":""},"class_list":["post-63","page","type-page","status-publish","hentry"],"_links":{"self":[{"href":"https:\/\/www.espetro.com.br\/site\/wp-json\/wp\/v2\/pages\/63","targetHints":{"allow":["GET"]}}],"collection":[{"href":"https:\/\/www.espetro.com.br\/site\/wp-json\/wp\/v2\/pages"}],"about":[{"href":"https:\/\/www.espetro.com.br\/site\/wp-json\/wp\/v2\/types\/page"}],"author":[{"embeddable":true,"href":"https:\/\/www.espetro.com.br\/site\/wp-json\/wp\/v2\/users\/1"}],"replies":[{"embeddable":true,"href":"https:\/\/www.espetro.com.br\/site\/wp-json\/wp\/v2\/comments?post=63"}],"version-history":[{"count":66,"href":"https:\/\/www.espetro.com.br\/site\/wp-json\/wp\/v2\/pages\/63\/revisions"}],"predecessor-version":[{"id":9986,"href":"https:\/\/www.espetro.com.br\/site\/wp-json\/wp\/v2\/pages\/63\/revisions\/9986"}],"wp:attachment":[{"href":"https:\/\/www.espetro.com.br\/site\/wp-json\/wp\/v2\/media?parent=63"}],"curies":[{"name":"wp","href":"https:\/\/api.w.org\/{rel}","templated":true}]}}